{"id":8372,"date":"2022-06-12T19:47:39","date_gmt":"2022-06-12T17:47:39","guid":{"rendered":"https:\/\/www.hydorgol.de\/?page_id=8372"},"modified":"2026-02-24T19:05:17","modified_gmt":"2026-02-24T18:05:17","slug":"meine-buecher","status":"publish","type":"page","link":"https:\/\/www.hydorgol.de\/?page_id=8372","title":{"rendered":"meine B\u00fccher"},"content":{"rendered":"<div class=\"wp-block-image\">\n<figure class=\"aligncenter size-large is-resized\"><img loading=\"lazy\" decoding=\"async\" width=\"600\" height=\"270\" src=\"https:\/\/www.hydorgol.de\/wp-content\/uploads\/2025\/07\/Hydorgol_Buecher_mit_Autor_vor_Regal_002-600x270.jpg\" alt=\"\" class=\"wp-image-8820\" style=\"width:670px;height:auto\" srcset=\"https:\/\/www.hydorgol.de\/wp-content\/uploads\/2025\/07\/Hydorgol_Buecher_mit_Autor_vor_Regal_002-600x270.jpg 600w, https:\/\/www.hydorgol.de\/wp-content\/uploads\/2025\/07\/Hydorgol_Buecher_mit_Autor_vor_Regal_002-300x135.jpg 300w, https:\/\/www.hydorgol.de\/wp-content\/uploads\/2025\/07\/Hydorgol_Buecher_mit_Autor_vor_Regal_002-768x346.jpg 768w, https:\/\/www.hydorgol.de\/wp-content\/uploads\/2025\/07\/Hydorgol_Buecher_mit_Autor_vor_Regal_002-1536x691.jpg 1536w, https:\/\/www.hydorgol.de\/wp-content\/uploads\/2025\/07\/Hydorgol_Buecher_mit_Autor_vor_Regal_002-2048x922.jpg 2048w\" sizes=\"auto, (max-width: 600px) 100vw, 600px\" \/><\/figure>\n<\/div>\n\n\n<p class=\"has-medium-font-size\">Mit einem Klick auf den Buchtitel kommt man zur ausf\u00fchrlichen Buchvorstellung. Die B\u00fccher sind sowohl als Papierbuch als auch als E-Book bei allen einschl\u00e4gigen Anbietern bestellbar.<\/p>\n\n\n\n<figure class=\"wp-block-table is-style-regular\"><table><tbody><tr><td><strong>Nr.<\/strong><\/td><td><strong>Link zur Buchbeschreibung          <\/strong>                                                <\/td><td class=\"has-text-align-center\" data-align=\"center\"><strong>Print    <\/strong><\/td><td class=\"has-text-align-center\" data-align=\"center\"><strong>E-Book        <\/strong> <\/td><\/tr><tr><td><\/td><td><strong>Die Alpha Centauri B\u00fccher<\/strong><\/td><td class=\"has-text-align-center\" data-align=\"center\"><\/td><td class=\"has-text-align-center\" data-align=\"center\"><\/td><\/tr><tr><td>1<\/td><td><a href=\"https:\/\/www.hydorgol.de\/?page_id=6\">Hydorgol \u2013 Der Alpha Centauri Aufstand<\/a><\/td><td class=\"has-text-align-center\" data-align=\"center\"> <a href=\"https:\/\/www.bod.de\/buchshop\/hydorgol-markus-gersting-9783751901109\" target=\"_blank\" rel=\"noreferrer noopener\">BoD<\/a> <br \/><a href=\"https:\/\/amzn.eu\/d\/6cE1dRC\" target=\"_blank\" rel=\"noreferrer noopener\">Amazon<\/a><\/td><td class=\"has-text-align-center\" data-align=\"center\"><a href=\"https:\/\/www.bod.de\/buchshop\/hydorgol-markus-gersting-9783757897871\" target=\"_blank\" rel=\"noreferrer noopener\">BoD<\/a><br \/><a href=\"https:\/\/www.amazon.de\/Hydorgol-Alpha-Centauri-Aufstand-Markus-Gersting-ebook\/dp\/B0C4FR14H9\/ref=tmm_kin_swatch_0?_encoding=UTF8&amp;qid=&amp;sr=\" target=\"_blank\" rel=\"noreferrer noopener\">Amazon<\/a><\/td><\/tr><tr><td>2<\/td><td><a href=\"https:\/\/www.hydorgol.de\/?page_id=3497\">Hydorgol \u2013 Inquisition<\/a><\/td><td class=\"has-text-align-center\" data-align=\"center\"><a href=\"https:\/\/buchshop.bod.de\/hydorgol-inquisition-markus-gersting-9783758366727\" target=\"_blank\" rel=\"noreferrer noopener\">BoD<\/a> <br \/><a href=\"https:\/\/amzn.eu\/d\/52jn5V0\" target=\"_blank\" rel=\"noreferrer noopener\">Amazon<\/a><\/td><td class=\"has-text-align-center\" data-align=\"center\"><a href=\"https:\/\/buchshop.bod.de\/hydorgol-inquisition-markus-gersting-9783758337857\" target=\"_blank\" rel=\"noreferrer noopener\">BoD<\/a> <br \/><a href=\"https:\/\/amzn.eu\/d\/dVrGROE\" target=\"_blank\" rel=\"noreferrer noopener\">Amazon<\/a><\/td><\/tr><tr><td><\/td><td><strong>Die H\u00fcnenwelt-Trilogie<\/strong><\/td><td class=\"has-text-align-center\" data-align=\"center\"><\/td><td class=\"has-text-align-center\" data-align=\"center\"><\/td><\/tr><tr><td>3<\/td><td><a href=\"https:\/\/www.hydorgol.de\/?page_id=3507\">Hydorgol \u2013 Die H\u00fcnenwelt \u2013 Exil<\/a><\/td><td class=\"has-text-align-center\" data-align=\"center\"><a href=\"https:\/\/www.bod.de\/buchshop\/hydorgol-exil-markus-gersting-9783753481210\" target=\"_blank\" rel=\"noreferrer noopener\">BoD<\/a><br \/><a href=\"https:\/\/amzn.eu\/d\/8a7UgGp\" target=\"_blank\" rel=\"noreferrer noopener\">Amazon<\/a><\/td><td class=\"has-text-align-center\" data-align=\"center\"><a rel=\"noreferrer noopener\" href=\"https:\/\/www.bod.de\/buchshop\/hydorgol-exil-markus-gersting-9783753489636\" target=\"_blank\">BoD<\/a> &nbsp;<br \/><a rel=\"noreferrer noopener\" href=\"https:\/\/www.amazon.de\/gp\/product\/B093QG361Q\" target=\"_blank\">Amazon<\/a><\/td><\/tr><tr><td>4<\/td><td><a href=\"https:\/\/www.hydorgol.de\/?page_id=7288\">Hydorgol \u2013 Die H\u00fcnenwelt \u2013 Flucht<\/a><\/td><td class=\"has-text-align-center\" data-align=\"center\"><a href=\"https:\/\/www.bod.de\/buchshop\/hydorgol-flucht-markus-gersting-9783754336618\" target=\"_blank\" rel=\"noreferrer noopener\">BoD<\/a><br \/><a href=\"https:\/\/amzn.eu\/d\/0PW81MF\" target=\"_blank\" rel=\"noreferrer noopener\">Amazon<\/a><\/td><td class=\"has-text-align-center\" data-align=\"center\">&nbsp;&nbsp; <a rel=\"noreferrer noopener\" href=\"https:\/\/www.bod.de\/buchshop\/hydorgol-flucht-markus-gersting-9783754390719\" target=\"_blank\">BoD<\/a> <br \/><a rel=\"noreferrer noopener\" href=\"https:\/\/www.amazon.de\/dp\/B09FK8JL5L\/\" target=\"_blank\">Amazon<\/a><\/td><\/tr><tr><td>5<\/td><td><a href=\"https:\/\/www.hydorgol.de\/?page_id=7290\">Hydorgol \u2013 Die H\u00fcnenwelt \u2013 Erwachen<\/a><\/td><td class=\"has-text-align-center\" data-align=\"center\"><a href=\"https:\/\/www.bod.de\/buchshop\/hydorgol-erwachen-markus-gersting-9783755799337\" target=\"_blank\" rel=\"noreferrer noopener\">BoD<\/a><br \/><a href=\"https:\/\/amzn.eu\/d\/8r3ZQ2b\" target=\"_blank\" rel=\"noreferrer noopener\">Amazon<\/a><\/td><td class=\"has-text-align-center\" data-align=\"center\"><a rel=\"noreferrer noopener\" href=\"https:\/\/www.bod.de\/buchshop\/hydorgol-erwachen-markus-gersting-9783755775904\" target=\"_blank\">BoD<\/a> <br \/><a rel=\"noreferrer noopener\" href=\"https:\/\/www.amazon.de\/dp\/B09TRHZFR6\" target=\"_blank\">Amazon<\/a><\/td><\/tr><\/tbody><\/table><\/figure>\n\n\n\n<h2 class=\"wp-block-heading has-medium-font-size\">Neu in Arbeit ist <a href=\"https:\/\/www.hydorgol.de\/?page_id=8918\" data-type=\"page\" data-id=\"8918\" target=\"_blank\" rel=\"noreferrer noopener\">Dominium Hominium &#8211; Das Flackern<\/a>, das aktuell im Lektorat ist. Stay tuned!<\/h2>\n\n\n\n<p>Die Vorlagen f\u00fcr die Perry und sonstige Rezensionen sind nur <a href=\"https:\/\/www.hydorgol.de\/?page_id=8976\" data-type=\"page\" data-id=\"8976\" target=\"_blank\" rel=\"noreferrer noopener\">hier<\/a> zu finden.<\/p>\n","protected":false},"excerpt":{"rendered":"<p>Mit einem Klick auf den Buchtitel kommt man zur ausf\u00fchrlichen Buchvorstellung. Die B\u00fccher sind sowohl als Papierbuch als auch als E-Book bei allen einschl\u00e4gigen Anbietern bestellbar. Nr. Link zur Buchbeschreibung Print E-Book Die Alpha Centauri B\u00fccher 1 Hydorgol \u2013 Der &hellip; <a href=\"https:\/\/www.hydorgol.de\/?page_id=8372\">Weiterlesen <span class=\"meta-nav\">&rarr;<\/span><\/a><\/p>\n","protected":false},"author":1,"featured_media":0,"parent":0,"menu_order":0,"comment_status":"closed","ping_status":"closed","template":"","meta":{"jetpack_post_was_ever_published":false,"footnotes":""},"class_list":["post-8372","page","type-page","status-publish","hentry"],"jetpack_shortlink":"https:\/\/wp.me\/P3Or1N-2b2","jetpack-related-posts":[],"jetpack_sharing_enabled":true,"_links":{"self":[{"href":"https:\/\/www.hydorgol.de\/index.php?rest_route=\/wp\/v2\/pages\/8372","targetHints":{"allow":["GET"]}}],"collection":[{"href":"https:\/\/www.hydorgol.de\/index.php?rest_route=\/wp\/v2\/pages"}],"about":[{"href":"https:\/\/www.hydorgol.de\/index.php?rest_route=\/wp\/v2\/types\/page"}],"author":[{"embeddable":true,"href":"https:\/\/www.hydorgol.de\/index.php?rest_route=\/wp\/v2\/users\/1"}],"replies":[{"embeddable":true,"href":"https:\/\/www.hydorgol.de\/index.php?rest_route=%2Fwp%2Fv2%2Fcomments&post=8372"}],"version-history":[{"count":32,"href":"https:\/\/www.hydorgol.de\/index.php?rest_route=\/wp\/v2\/pages\/8372\/revisions"}],"predecessor-version":[{"id":8980,"href":"https:\/\/www.hydorgol.de\/index.php?rest_route=\/wp\/v2\/pages\/8372\/revisions\/8980"}],"wp:attachment":[{"href":"https:\/\/www.hydorgol.de\/index.php?rest_route=%2Fwp%2Fv2%2Fmedia&parent=8372"}],"curies":[{"name":"wp","href":"https:\/\/api.w.org\/{rel}","templated":true}]}}