{"id":7991,"date":"2020-10-23T21:44:56","date_gmt":"2020-10-23T19:44:56","guid":{"rendered":"https:\/\/www.hydorgol.de\/?page_id=7991"},"modified":"2024-01-01T11:22:08","modified_gmt":"2024-01-01T10:22:08","slug":"die-zeitkriege-eine-zeitreisen-anthologie","status":"publish","type":"page","link":"https:\/\/www.hydorgol.de\/?page_id=7991","title":{"rendered":"Hydorgol &#8211; Die Zeitkriege \u2013 Eine Zeitreisen Anthologie"},"content":{"rendered":"\n<p>&#8211;<strong>&#8211; Update: Das Projekt ist leider Mangels Masse auf unbestimmte Zeit auf Halt gesetzt&#8211;<\/strong><\/p>\n\n\n\n<p>Konzeptpapier zur \u201eZeitreise Anthologie\u201c<\/p>\n\n\n\n<p><strong>Die Zeitkriege \u2013 Eine Zeitreisen Anthologie<\/strong><\/p>\n\n\n\n<p>Die Zeitkriege, eine dunkle Epoche in der Geschichte der Menschheit. Die, bei den Menschen die \u201eKarilow-Kriege\u201c genannte Epoche dauert von 2567 bis 2573 und beendete das Goldene Zeitalter der Hydorgol-Maschinen.<\/p>\n\n\n\n<p>Die Hydorgol-Maschinen wurden eingesetzt, um die Menschen der vollkommen \u00fcberbev\u00f6lkerten Erde ins Alpha Centauri Sonnensystem umzusiedeln. Dort wurde von der Kontinuit\u00e4t, einer Art Alien-Uno, ein k\u00fcnstliches Planetensystem mit 14 Planeten erschaffen. Es wurde eine Organisation namens \u201eDie W\u00e4chter\u201c gegr\u00fcndet, die auf diese Raum und Zeit \u00fcberwindenden Maschinen aufzupassen. Aber es passiert, was passieren mu\u00df: einzelne Maschinen gelangen in unbefugte H\u00e4nde und es beginnen Zeitparadoxe.<\/p>\n\n\n\n<p><strong>Vorkommende V\u00f6lker:<\/strong><\/p>\n\n\n\n<p><strong>Die Menschen<\/strong> haben keinen eigenst\u00e4ndige \u00dcberlicht-schnellen Antriebe irgendeiner Art. Die Erde war vollkommen \u00fcberbev\u00f6lkert. 36 Milliarden Menschen lebten zusammen gepfercht in Terra-Arkologien (TA). Diese wurden fast alle mittels der Hydorgol-Maschinen nach Alpha Centauri versetzt. Mehr Details finden sich unten in der Zeitskala. <\/p>\n\n\n\n<p>Eine TA kann man sich als einen gewaltigen schwarzen W\u00fcrfel mit einer Kantenl\u00e4nge von 10.000 Metern vorstellen. In einer TA finden maximal 1. Milliarde Menschen Platz, was f\u00fcr jeden einzelnen Menschen grob gerechnet 1000 Kubikmeter Raum ergibt. Diesen Platz teilt er sich aber noch mit Geb\u00e4udestruktur, Lebenserhaltung, Nahrungsvorr\u00e4ten und was man sonst noch alles zum Leben ben\u00f6tigt. Erschaffen wurden die TAs als Geschenk der LAGA, der Luna-AsteroidenG\u00fcrtel-Allianz, die ihren Hauptsitz auf Luna, dem Erdmond hat. Und nat\u00fcrlich sind manche gleicher als andere, es gibt neben Luxus-Apartments also auch vollgestopfte Elendsquatiere, in denen die Menschen, mehr oder weniger ruhig gestellt, vor sich hin vegetieren. Ein Gro\u00dfteil der es so auf der Erde gewonnen Platzes geht in Naturreservate und Farmen, die Sauerstoff und Nahrung f\u00fcr die TAs erzeugen.<\/p>\n\n\n\n<p>Der LAGA gelingt es zu dem noch Unterlicht-schnelle Reisen zu den n\u00e4chsten Sonnensystemen zu unternehmen. In Epsion Eridani treffen sie dabei auf die H\u00fcnen, einem Mitgliedsvolk der Kontinuit\u00e4t. Und wieder hat jemand Mitleid mit der Menschheit und der Gro\u00dfteil der Menschheit wird ins neugeschaffene Alpha Centauri Sonnensystem umgesiedelt.<\/p>\n\n\n\n<p><strong>Die H\u00fcnen<\/strong> (Gaswesen), ein Gr\u00fcndungsvolk der Kontinuit\u00e4t, erschufen Golems, die ihnen dienten. Der letzte dieser Golems ist Hydorgol. Er fing die Gro\u00dfe Chance ein und beendete damit das Zeitalter der Golems.<\/p>\n\n\n\n<p><strong>Die Vishnui<\/strong> sind das wichtigste Mitglied der Kontinuit\u00e4t. Sie sind die Baumeister der Kontinuit\u00e4t und sind nat\u00fcrliche Zeitreisende. Sie leben in einer Singularit\u00e4t und entsenden Avatare an beliebige Punkte in Raum und Zeit.<\/p>\n\n\n\n<p>Bekannteste Vertreter sind der Zwerg Vamana und die g\u00fctige Frau Lakshmi. W\u00e4hrend des UPLINK-Events bei Epsilon Eridani spielte SHAKTI eine entscheidende Rolle.<\/p>\n\n\n\n<p>Mehr V\u00f6lker oder Personen gerne nach eigener Wahl.<\/p>\n\n\n\n<p><strong>Hydorgol-Maschinen<\/strong> sind von den Vishnui f\u00fcr die Menschen konstruierte Maschinen, die urspr\u00fcnglich f\u00fcr den Umzug der Menschheit in ihren TAs von der Erde auf einen der 14 Planten des Alpfa Centauri Systems gedacht waren. Diese Maschinen haben eine eigenst\u00e4ndige Intelligenz, die Missbrauch verhindern sollte \u2192 es gelingt aber trotzdem!<\/p>\n\n\n\n<p><strong>Die Frage ist: warum beenden Menschen das goldene Zeitalter? Ist es aus Gier, Verlust oder Schuld?<\/strong> <strong>Oder wollen manche Menschen einfach nur die Welt brennen sehen?<\/strong><\/p>\n\n\n\n<p>Die Rahmenbedingungen f\u00fcr Zeitreisen im Hydorgol-Universum: Ein Weg entsteht dadurch, das ihn geht. Das Raum-Zeit-Fluidum hat also eine weit verzweigte Baumstruktur. Die Vishnui k\u00f6nnen an jeden beliebigen Ast dieses Baumes reisen, schaffen aber einen neuen Ast, wenn zu viel ver\u00e4ndert wird. Und es ist m\u00f6glich den Ast abzus\u00e4gen, auf dem man sitzt. Paradoxien sind also m\u00f6glich, wenn auch nicht unbedingt &#8230; nett.<\/p>\n\n\n\n<p><strong>Aufgabe:<\/strong><\/p>\n\n\n\n<p>Erstelle eine Kurzgeschichte, die im Goldenen Zeitalter oder in den Karilow-Kriegen spielt. Zeitreisen sind mit den Hydorgol-Maschinen m\u00f6glich. Zeit und Entfernung spielen keine Rolle, hier ist die eigene Phantasie das Limit. Die Konferenz von Alpha-Centauri ist aber besonders gesch\u00fctzt und die Hydorgol-Maschinen haben ihren eigenen Willen und es gibt eigentlich Sicherungen gegen Missbrauch. Du brauchst also gute Argumente um mit einer der bizarren und immer anders aussehenden Maschinen ins Gesch\u00e4ft zu kommen.<\/p>\n\n\n\n<p>Die Geschichten sollten einen Umfang von ca. 8 bis maximal 20 Normseiten haben. Der Abgabeschluss ist, wie es sich f\u00fcr Zeitreisende geh\u00f6rt, die verlorene Stunde zwischen 2 und 3 Uhr des 31. Oktober <strong>2021<\/strong> (Umstellung der Zeit auf Winterzeit). <\/p>\n\n\n\n<p>Atmosph\u00e4risch kann man sich gerne im Dreieck aus dem W\u00fcstenplaneten, Perry Rhodan und The Expanse gewegen, ohne nat\u00fcrlich diese oder andere zu kopieren. <\/p>\n\n\n\n<p>Die eingereichten Geschichten m\u00fcssem ins Hydorgol-Universum passen. Mehrfache Einsendungen sind m\u00f6glich, es wird aber nur maximal eine Geschichte pro Autor genommen. Es werden keine gewaltverherrlichen, rassistischen, sexistischen oder sonstige anst\u00f6\u00dfige Inhalte  angenommen oder gar ver\u00f6ffentlicht. Der Rechtsweg ist ausgeschlossen. <\/p>\n\n\n\n<p>Es geht um gute, sch\u00f6ne, spannende, interessante Geschichten, die mit ihren Figuren, Ideen und ihrer Handlung \u00fcberzeugen k\u00f6nnen. Es geht um gute Science-Fiction, bei der man Spa\u00df beim Lesen hat. Die vielleicht sogar zum Nachdenken anregt.<\/p>\n\n\n\n<p>Mehr Details folgen in K\u00fcrze und es sind regelm\u00e4\u00dfige Treffen auf dem <a rel=\"noreferrer noopener\" href=\"https:\/\/discord.gg\/r6DbTFX\" target=\"_blank\">Hydorgol Discord Server<\/a> geplant. Das erste Treffen ist dort am Samstag, den 31.10.2020 ab 20 Uhr.<\/p>\n\n\n\n<p><strong>Wegpunkte der Geschichte:<\/strong><\/p>\n\n\n\n<p>LAGA\u2192 TA \u2192 H\u00fcnen \u2192 Alpha Centauri \u2192 Goldenes Zeitalter \u2192 Zeitkriege \u2192 dunkles Zeitalter. Die Zeitkriege enden mit dem &#8222;Hydorgol-Kurzschluss&#8220;. Die Kontinuit\u00e4t zieht den Stecker und repariert, was zu reparieren ist.<\/p>\n\n\n\n<p><strong>Zeitskala<\/strong>:<\/p>\n\n\n\n<figure class=\"wp-block-table is-style-stripes\"><table><tbody><tr><td>Jahr<\/td><td>Ereignisse<\/td><\/tr><tr><td>2124<\/td><td>Besiedlung des Asteroideng\u00fcrtels des Sonnensystems<\/td><\/tr><tr><td>2182<\/td><td>Gr\u00fcndung des \u201eGutmenschen-Konsortiums\u201c Projekte TA und interstellare Raumfahrt<\/td><\/tr><tr><td>2183<\/td><td>Gr\u00fcndung der LAGA (Luna-AsteroidenG\u00fcrtel-Allianz) als Produktionsgenossenschaft des \u201eGutmenschen-Konsortiums\u201c<\/td><\/tr><tr><td>2430-2465<\/td><td>Reise der Expeditionsflotte nach Epsilin Eridani<\/td><\/tr><tr><td>2465 (GC!)<\/td><td>Ankunft in Epsilon Eridani und Kontaktaufnahme zu den H\u00fcnen<\/td><\/tr><tr><td>2465<\/td><td>Konferenz von Epsilon Eridani<\/td><\/tr><tr><td>2465-2466<\/td><td>Errichtung des Konferenzortes auf Lotus im Alpha Centrauri Sonnensystem<\/td><\/tr><tr><td>2466-2469<\/td><td>Konferenz von Alpha Centauri. Aufnahme der Menschen in die Kontinuit\u00e4t<\/td><\/tr><tr><td>2469-2476<\/td><td>Umzug der TAs nach Alpha Centrauri mit Hilfe der Hydorgol-Maschinen<\/td><\/tr><tr><td>2476-2567<\/td><td>Das goldene Zeitalter der Hydorgol-Maschinen<\/td><\/tr><tr><td>2567-2573<\/td><td>Die Karilow-Kriege | Zeitparadoxe durch Krieg mit Hydorgol-Maschinen<\/td><\/tr><tr><td>2573<\/td><td>Der Hydorgol-Kurzschluss durch Kontinuit\u00e4t \/ Vishnui<\/td><\/tr><tr><td>2573-4738<\/td><td>Die \u201eDunkle Epoche\u201c. Die Zivilisation ist zusammen gebrochen. Keine interplanetaren oder gar interstellaren Reisen mehr m\u00f6glich<\/td><\/tr><tr><td>4738<\/td><td>Olywn King reaktiviert den strategischen \u00dcberrangrechner der Erde, Anfang von \u201eHydorgol \u2013 Der Alpha Centauri Aufstand\u201c<\/td><\/tr><\/tbody><\/table><\/figure>\n\n\n\n<p><\/p>\n","protected":false},"excerpt":{"rendered":"<p>&#8211;&#8211; Update: Das Projekt ist leider Mangels Masse auf unbestimmte Zeit auf Halt gesetzt&#8211; Konzeptpapier zur \u201eZeitreise Anthologie\u201c Die Zeitkriege \u2013 Eine Zeitreisen Anthologie Die Zeitkriege, eine dunkle Epoche in der Geschichte der Menschheit. Die, bei den Menschen die \u201eKarilow-Kriege\u201c &hellip; <a href=\"https:\/\/www.hydorgol.de\/?page_id=7991\">Weiterlesen <span class=\"meta-nav\">&rarr;<\/span><\/a><\/p>\n","protected":false},"author":1,"featured_media":0,"parent":0,"menu_order":0,"comment_status":"closed","ping_status":"closed","template":"","meta":{"jetpack_post_was_ever_published":false,"footnotes":""},"class_list":["post-7991","page","type-page","status-publish","hentry"],"jetpack_shortlink":"https:\/\/wp.me\/P3Or1N-24T","jetpack-related-posts":[],"jetpack_sharing_enabled":true,"_links":{"self":[{"href":"https:\/\/www.hydorgol.de\/index.php?rest_route=\/wp\/v2\/pages\/7991","targetHints":{"allow":["GET"]}}],"collection":[{"href":"https:\/\/www.hydorgol.de\/index.php?rest_route=\/wp\/v2\/pages"}],"about":[{"href":"https:\/\/www.hydorgol.de\/index.php?rest_route=\/wp\/v2\/types\/page"}],"author":[{"embeddable":true,"href":"https:\/\/www.hydorgol.de\/index.php?rest_route=\/wp\/v2\/users\/1"}],"replies":[{"embeddable":true,"href":"https:\/\/www.hydorgol.de\/index.php?rest_route=%2Fwp%2Fv2%2Fcomments&post=7991"}],"version-history":[{"count":12,"href":"https:\/\/www.hydorgol.de\/index.php?rest_route=\/wp\/v2\/pages\/7991\/revisions"}],"predecessor-version":[{"id":8509,"href":"https:\/\/www.hydorgol.de\/index.php?rest_route=\/wp\/v2\/pages\/7991\/revisions\/8509"}],"wp:attachment":[{"href":"https:\/\/www.hydorgol.de\/index.php?rest_route=%2Fwp%2Fv2%2Fmedia&parent=7991"}],"curies":[{"name":"wp","href":"https:\/\/api.w.org\/{rel}","templated":true}]}}