{"id":7290,"date":"2019-04-26T10:52:35","date_gmt":"2019-04-26T08:52:35","guid":{"rendered":"http:\/\/www.hydorgol.de\/?page_id=7290"},"modified":"2024-03-02T10:39:38","modified_gmt":"2024-03-02T09:39:38","slug":"hydorgol-5","status":"publish","type":"page","link":"https:\/\/www.hydorgol.de\/?page_id=7290","title":{"rendered":"Hydorgol \u2013 Die H\u00fcnenwelt \u2013 Erwachen"},"content":{"rendered":"\n<figure class=\"wp-block-table\"><table><tbody><tr><td>Print<\/td><td>978-3-7557-9933-7 <\/td><td><a rel=\"noreferrer noopener\" href=\"https:\/\/www.bod.de\/buchshop\/hydorgol-erwachen-markus-gersting-9783755799337\" target=\"_blank\">bei BoD kaufen<\/a>  <a href=\"https:\/\/www.amazon.de\/dp\/3755799332\" target=\"_blank\" rel=\"noreferrer noopener\">bei Amazon<\/a><\/td><\/tr><tr><td>E-Book<\/td><td>978-3-7557-7590-4<\/td><td><a rel=\"noreferrer noopener\" href=\"https:\/\/www.bod.de\/buchshop\/hydorgol-erwachen-markus-gersting-9783755775904\" target=\"_blank\">bei BoD kaufen<\/a>  <a href=\"https:\/\/www.amazon.de\/dp\/B09TRHZFR6\" target=\"_blank\" rel=\"noreferrer noopener\">bei Amazon<\/a><\/td><\/tr><\/tbody><\/table><\/figure>\n\n\n\n<figure class=\"wp-block-embed is-type-video is-provider-youtube wp-block-embed-youtube wp-embed-aspect-16-9 wp-has-aspect-ratio\"><div class=\"wp-block-embed__wrapper\">\n<span class=\"embed-youtube\" style=\"text-align:center; display: block;\"><iframe loading=\"lazy\" class=\"youtube-player\" width=\"640\" height=\"360\" src=\"https:\/\/www.youtube.com\/embed\/bbNXRA1eug4?version=3&#038;rel=1&#038;showsearch=0&#038;showinfo=1&#038;iv_load_policy=1&#038;fs=1&#038;hl=de-DE&#038;autohide=2&#038;wmode=transparent\" allowfullscreen=\"true\" style=\"border:0;\" sandbox=\"allow-scripts allow-same-origin allow-popups allow-presentation allow-popups-to-escape-sandbox\"><\/iframe><\/span>\n<\/div><\/figure>\n\n\n\n<p>Teil drei der Hu\u0308nenwelt Trilogie<\/p>\n\n\n\n<p>Die Welt der H\u00fcnen ist nicht f\u00fcr Menschen gemacht.<\/p>\n\n\n\n<p>Alofan Haragieris Bem\u00fchungen bei den H\u00fcnen haben einen hohen Preis gefordert. Die aus der Welt der Menschen zur\u00fcckkehrende Gemeinschaft aus H\u00fcnen und Menschen ist dem Rattenf\u00e4nger des Gro\u00dfen, dem Heiler, erlegen. Das Kloster der Kontinuit\u00e4t und der \u00dcbergang zur Menschenwelt wurde von dem Ungeheuer aus der Tiefe der H\u00fcnenwelt zerst\u00f6rt.<\/p>\n\n\n\n<p>Es sieht nicht gut aus. Zwar ist es dem Inquisitor Fraan-Linia gelungen ins Konglomerat der Menschen zu entkommen, aber die Begeisterung \u00fcber den Eindringling aus der Au\u00dfenwelt h\u00e4lt sich dort in Grenzen. Ver\u00e4nderungen stehen an.<\/p>\n\n\n\n<p>Der Gastgeber des Konglomerates wird vom H\u00fcnen Fraan aus seinem D\u00e4mmerschlaf geweckt, w\u00e4hrend in der Tiefe noch gr\u00f6\u00dfere Gefahren erwachen. Nicht jedes Artefakt aus der Schlacht von Epsilon Eridani ist in den Tiefen vergangen &#8230;<\/p>\n\n\n\n<figure class=\"wp-block-image size-large is-style-default\"><img loading=\"lazy\" decoding=\"async\" width=\"600\" height=\"448\" src=\"https:\/\/www.hydorgol.de\/wp-content\/uploads\/2022\/02\/Cover_H5_v006_classic-1-600x448.png\" alt=\"Die H\u00fcnenwelt - Erwachen\" class=\"wp-image-8333\" srcset=\"https:\/\/www.hydorgol.de\/wp-content\/uploads\/2022\/02\/Cover_H5_v006_classic-1-600x448.png 600w, https:\/\/www.hydorgol.de\/wp-content\/uploads\/2022\/02\/Cover_H5_v006_classic-1-300x224.png 300w, https:\/\/www.hydorgol.de\/wp-content\/uploads\/2022\/02\/Cover_H5_v006_classic-1-768x574.png 768w, https:\/\/www.hydorgol.de\/wp-content\/uploads\/2022\/02\/Cover_H5_v006_classic-1.png 1185w\" sizes=\"auto, (max-width: 600px) 100vw, 600px\" \/><\/figure>\n","protected":false},"excerpt":{"rendered":"<p>Print 978-3-7557-9933-7 bei BoD kaufen bei Amazon E-Book 978-3-7557-7590-4 bei BoD kaufen bei Amazon Teil drei der Hu\u0308nenwelt Trilogie Die Welt der H\u00fcnen ist nicht f\u00fcr Menschen gemacht. Alofan Haragieris Bem\u00fchungen bei den H\u00fcnen haben einen hohen Preis gefordert. Die &hellip; <a href=\"https:\/\/www.hydorgol.de\/?page_id=7290\">Weiterlesen <span class=\"meta-nav\">&rarr;<\/span><\/a><\/p>\n","protected":false},"author":1,"featured_media":0,"parent":0,"menu_order":0,"comment_status":"closed","ping_status":"closed","template":"","meta":{"jetpack_post_was_ever_published":false,"footnotes":""},"class_list":["post-7290","page","type-page","status-publish","hentry"],"jetpack_shortlink":"https:\/\/wp.me\/P3Or1N-1TA","jetpack-related-posts":[],"jetpack_sharing_enabled":true,"_links":{"self":[{"href":"https:\/\/www.hydorgol.de\/index.php?rest_route=\/wp\/v2\/pages\/7290","targetHints":{"allow":["GET"]}}],"collection":[{"href":"https:\/\/www.hydorgol.de\/index.php?rest_route=\/wp\/v2\/pages"}],"about":[{"href":"https:\/\/www.hydorgol.de\/index.php?rest_route=\/wp\/v2\/types\/page"}],"author":[{"embeddable":true,"href":"https:\/\/www.hydorgol.de\/index.php?rest_route=\/wp\/v2\/users\/1"}],"replies":[{"embeddable":true,"href":"https:\/\/www.hydorgol.de\/index.php?rest_route=%2Fwp%2Fv2%2Fcomments&post=7290"}],"version-history":[{"count":18,"href":"https:\/\/www.hydorgol.de\/index.php?rest_route=\/wp\/v2\/pages\/7290\/revisions"}],"predecessor-version":[{"id":8575,"href":"https:\/\/www.hydorgol.de\/index.php?rest_route=\/wp\/v2\/pages\/7290\/revisions\/8575"}],"wp:attachment":[{"href":"https:\/\/www.hydorgol.de\/index.php?rest_route=%2Fwp%2Fv2%2Fmedia&parent=7290"}],"curies":[{"name":"wp","href":"https:\/\/api.w.org\/{rel}","templated":true}]}}