{"id":6,"date":"2013-04-23T21:31:22","date_gmt":"2013-04-23T21:31:22","guid":{"rendered":"http:\/\/192.168.13.133\/wp\/?page_id=6"},"modified":"2024-02-28T20:47:45","modified_gmt":"2024-02-28T19:47:45","slug":"der-alpha-centauri-aufstand","status":"publish","type":"page","link":"https:\/\/www.hydorgol.de\/?page_id=6","title":{"rendered":"Hydorgol &#8211; Der Alpha Centauri Aufstand"},"content":{"rendered":"\n<p><\/p>\n\n\n\n<figure class=\"wp-block-table\"><table><tbody><tr><td>Buch<br \/>E-Book<\/td><td>9783751901109&nbsp;&nbsp;&nbsp;  <a rel=\"noreferrer noopener\" href=\"https:\/\/www.bod.de\/buchshop\/hydorgol-markus-gersting-9783751901109\" target=\"_blank\">bei BoD<\/a> &nbsp;<a rel=\"noreferrer noopener\" href=\"https:\/\/amzn.eu\/d\/6cE1dRC\" target=\"_blank\">bei Amazon<\/a><br \/>9783757897871&nbsp;&nbsp;&nbsp;&nbsp; <a href=\"https:\/\/www.bod.de\/buchshop\/hydorgol-markus-gersting-9783757897871\" target=\"_blank\" rel=\"noreferrer noopener\">bei BoD<\/a> &nbsp;<a href=\"https:\/\/amzn.eu\/d\/9iWywEC\" target=\"_blank\" rel=\"noreferrer noopener\">bei Amazon<\/a><\/td><\/tr><\/tbody><\/table><\/figure>\n\n\n\n<figure class=\"wp-block-embed is-type-video is-provider-youtube wp-block-embed-youtube wp-embed-aspect-16-9 wp-has-aspect-ratio\"><div class=\"wp-block-embed__wrapper\">\n<span class=\"embed-youtube\" style=\"text-align:center; display: block;\"><iframe loading=\"lazy\" class=\"youtube-player\" width=\"640\" height=\"360\" src=\"https:\/\/www.youtube.com\/embed\/SkO2uVHZdio?version=3&#038;rel=1&#038;showsearch=0&#038;showinfo=1&#038;iv_load_policy=1&#038;fs=1&#038;hl=de-DE&#038;autohide=2&#038;wmode=transparent\" allowfullscreen=\"true\" style=\"border:0;\" sandbox=\"allow-scripts allow-same-origin allow-popups allow-presentation allow-popups-to-escape-sandbox\"><\/iframe><\/span>\n<\/div><\/figure>\n\n\n\n<h2 class=\"wp-block-heading\"><strong><span style=\"font-family: Arial, sans-serif;\">Das Umfeld<\/span><\/strong><\/h2>\n\n\n\n<p><span style=\"font-family: Arial, sans-serif;\">Die Erde ist komplett \u00fcberbev\u00f6lkert und die gesamte Menschheit ist in sogenannten Terra-Arkologien zusammen gepfercht. Auf einer der ersten Expeditionen zu einem anderen Sonnensystem treffen die Menschen auf eine au\u00dferirdische Zivilisation, die der Menschheit hilft, im Nachbarsystem Alpha Centauri Platz auf insgesamt 14 Planeten f\u00fcr die 36 Milliarden Menschen zu schaffen. <br \/><br \/>Der Umzug erfolgt mittels der Hydorgol-Maschinen, die einfach die gesamten Terra-Arkologien (bis auf eine) auf die Planeten von Alpha Centauri verteilen. Die Maschinen stehen unter der strengen Aufsicht der W\u00e4chter, allerdings kommt, was kommen muss: Die Maschinen gelangen in unbefugte H\u00e4nde und die Hydorgol-Kriege st\u00fcrzen die Menschheit mit ihren Zeitparadoxa fast in den Untergang. Die Rettung erfolgt mittels des Hydorgol-Kurzschlusses, der alle Hydorgol-Maschinen verschwinden l\u00e4sst. <br \/><br \/>Darauf folgen Jahrtausende, in denen sich das Leben in Alpha Centauri normalisiert und auf der Erde der langsame Niedergang einsetzt. <\/span><\/p>\n\n\n\n<h2 class=\"wp-block-heading\"><span style=\"font-family: Arial, sans-serif;\"><strong>Die Handlung<\/strong> <\/span><\/h2>\n\n\n\n<p><span style=\"font-family: Arial, sans-serif;\">Im Alpha-Centauri-Sonnensystem geht alles seinen \u00fcblichen Gang, bis eines Tages der f\u00fchrende Clan des Planeten Lotus auf die Quarant\u00e4ne-Welt in Verbannung geschickt wird. Dort kommt es zur Revolte und die W\u00e4chter werden aus Alpha Centauri vertrieben. <br \/><br \/>Die W\u00e4chter ziehen ihre Ressourcen aus den umgebenden Sonnensystemen zusammen und holen zum Gegenschlag aus &#8230; <\/span><\/p>\n\n\n\n<h2 class=\"wp-block-heading\"><\/h2>\n\n\n\n<figure class=\"wp-block-image size-large\"><img loading=\"lazy\" decoding=\"async\" width=\"600\" height=\"448\" src=\"https:\/\/www.hydorgol.de\/wp-content\/uploads\/2023\/03\/Cover_H1_v004_classic-1-600x448.png\" alt=\"\" class=\"wp-image-8438\" srcset=\"https:\/\/www.hydorgol.de\/wp-content\/uploads\/2023\/03\/Cover_H1_v004_classic-1-600x448.png 600w, https:\/\/www.hydorgol.de\/wp-content\/uploads\/2023\/03\/Cover_H1_v004_classic-1-300x224.png 300w, https:\/\/www.hydorgol.de\/wp-content\/uploads\/2023\/03\/Cover_H1_v004_classic-1-768x574.png 768w, https:\/\/www.hydorgol.de\/wp-content\/uploads\/2023\/03\/Cover_H1_v004_classic-1.png 1185w\" sizes=\"auto, (max-width: 600px) 100vw, 600px\" \/><\/figure>\n\n\n\n<h2 class=\"wp-block-heading\"><a href=\"https:\/\/www.facebook.com\/pages\/Hydorgol-Der-Alpha-Centauri-Aufstand\/142410659171591\" target=\"_blank\" rel=\"noopener\">Facebook Seite des Buchs<\/a><\/h2>\n","protected":false},"excerpt":{"rendered":"<p>BuchE-Book 9783751901109&nbsp;&nbsp;&nbsp; bei BoD &nbsp;bei Amazon9783757897871&nbsp;&nbsp;&nbsp;&nbsp; bei BoD &nbsp;bei Amazon Das Umfeld Die Erde ist komplett \u00fcberbev\u00f6lkert und die gesamte Menschheit ist in sogenannten Terra-Arkologien zusammen gepfercht. Auf einer der ersten Expeditionen zu einem anderen Sonnensystem treffen die Menschen auf &hellip; <a href=\"https:\/\/www.hydorgol.de\/?page_id=6\">Weiterlesen <span class=\"meta-nav\">&rarr;<\/span><\/a><\/p>\n","protected":false},"author":1,"featured_media":0,"parent":0,"menu_order":0,"comment_status":"open","ping_status":"open","template":"","meta":{"jetpack_post_was_ever_published":false,"footnotes":""},"class_list":["post-6","page","type-page","status-publish","hentry"],"jetpack_shortlink":"https:\/\/wp.me\/P3Or1N-6","jetpack-related-posts":[],"jetpack_sharing_enabled":true,"_links":{"self":[{"href":"https:\/\/www.hydorgol.de\/index.php?rest_route=\/wp\/v2\/pages\/6","targetHints":{"allow":["GET"]}}],"collection":[{"href":"https:\/\/www.hydorgol.de\/index.php?rest_route=\/wp\/v2\/pages"}],"about":[{"href":"https:\/\/www.hydorgol.de\/index.php?rest_route=\/wp\/v2\/types\/page"}],"author":[{"embeddable":true,"href":"https:\/\/www.hydorgol.de\/index.php?rest_route=\/wp\/v2\/users\/1"}],"replies":[{"embeddable":true,"href":"https:\/\/www.hydorgol.de\/index.php?rest_route=%2Fwp%2Fv2%2Fcomments&post=6"}],"version-history":[{"count":19,"href":"https:\/\/www.hydorgol.de\/index.php?rest_route=\/wp\/v2\/pages\/6\/revisions"}],"predecessor-version":[{"id":8566,"href":"https:\/\/www.hydorgol.de\/index.php?rest_route=\/wp\/v2\/pages\/6\/revisions\/8566"}],"wp:attachment":[{"href":"https:\/\/www.hydorgol.de\/index.php?rest_route=%2Fwp%2Fv2%2Fmedia&parent=6"}],"curies":[{"name":"wp","href":"https:\/\/api.w.org\/{rel}","templated":true}]}}