{"id":5294,"date":"2016-05-13T06:55:08","date_gmt":"2016-05-13T04:55:08","guid":{"rendered":"http:\/\/www.hydorgol.de\/?page_id=5294"},"modified":"2016-05-13T07:28:19","modified_gmt":"2016-05-13T05:28:19","slug":"das-bb-e-book-event-2016-die-uebersicht","status":"publish","type":"page","link":"https:\/\/www.hydorgol.de\/?page_id=5294","title":{"rendered":"Das BB E-Book Event 2016 &#8211; Die \u00dcbersicht"},"content":{"rendered":"<p>Vier komplette Wochenenden gab es eine ganze Menge toller Lesungen auf dem BB-E-Book Event 2016. Es war f\u00fcr jeden Geschmack was dabei und eine ganze Menge unterschiedlicher Genre.<\/p>\n<p>Bei vielen Tagen waren das dann auch gleich mehrere Autoren, die aus ihren Werken lasen und das dann sogar szenisch in phantastischen Kulissen, unterst\u00fctzt von ihren Schriftstellerkollegen, gelesen.<\/p>\n<p>Wer nochmal durch das Event st\u00f6bern mag, findet hier die Berichte zu allen Lesungsabenden des BB E-Book Events 2016:<\/p>\n<ul>\n<li>\n<h4><strong><a href=\"http:\/\/www.hydorgol.de\/?p=5026\" target=\"_blank\">Tag 1: Anja Bagus Lesung aus \u201eAether, Schwerter und Planeten\u201c<\/a><\/strong><\/h4>\n<\/li>\n<li>\n<h4><a href=\"http:\/\/www.hydorgol.de\/?p=5044\" target=\"_blank\"><strong>Tag 2: Carsten Steenbergen und Detlef Tams \u201eSteamtown\u201c &amp; Selina Haritz \u201eTraumdealer am Abstellgleis\u201c<\/strong><\/a><\/h4>\n<\/li>\n<li>\n<h4><a href=\"http:\/\/www.hydorgol.de\/?p=5052\" target=\"_blank\"><strong>\u00a0Tag 3: Frederic Brakes Lesung \u201eNebelmelodie\u201c<\/strong><\/a><\/h4>\n<\/li>\n<li>\n<h4><a href=\"http:\/\/www.hydorgol.de\/?p=5065\" target=\"_blank\"><strong>Tag 4 : Rael Wissdorf und Idril Amats Lesung aus \u201eFleurissen\u201c<\/strong><\/a><\/h4>\n<\/li>\n<li>\n<h4><a href=\"http:\/\/www.hydorgol.de\/?p=5085\" target=\"_blank\"><strong>Tag 5: Die Lesungen von Felix M\u00fcnter und Bernhard Giersche<\/strong><\/a><\/h4>\n<\/li>\n<li>\n<h4><a href=\"http:\/\/www.hydorgol.de\/?p=5107\" target=\"_blank\"><strong>Tag 6: Die Lesungen von Judith Vogt und Alex Jahnke<\/strong><\/a><\/h4>\n<\/li>\n<li>\n<h4><a href=\"http:\/\/www.hydorgol.de\/?p=5127\" target=\"_blank\"><strong>Tag 7: Der April SL Schreibtreff 2016<\/strong><\/a><\/h4>\n<\/li>\n<li>\n<h4><a href=\"http:\/\/www.hydorgol.de\/?p=5141\" target=\"_blank\"><strong>Tag 8: Die Lesung von Jan-Tobias Kitzel<\/strong><\/a><\/h4>\n<\/li>\n<li>\n<h4><a href=\"http:\/\/www.hydorgol.de\/?p=5161\" target=\"_blank\"><strong>Tag 9: Die Lesungen von Sean O\u00b4Connell und Sabine Sch\u00e4fers<\/strong><\/a><\/h4>\n<\/li>\n<li>\n<h4><a href=\"http:\/\/www.hydorgol.de\/?p=5175\" target=\"_blank\"><strong>Tag 10 : Die Lesung von Anette Kannenberg<\/strong><\/a><\/h4>\n<\/li>\n<li>\n<h4><a href=\"http:\/\/www.hydorgol.de\/?p=5208\" target=\"_blank\"><strong>Tag 11: Markus Gerstings Lesung aus Hydorgol \u2013 Exil<\/strong><\/a><\/h4>\n<\/li>\n<li>\n<h4><a href=\"http:\/\/www.hydorgol.de\/?p=5213\" target=\"_blank\"><strong>Tag 12: Die Lesungen von Petra K. Gungl und Jennifer B. Wind<\/strong><\/a><\/h4>\n<\/li>\n<li>\n<h4><a href=\"http:\/\/www.hydorgol.de\/?p=5276\" target=\"_blank\"><strong>Tag 13: Die Lesungen von Marc Sp\u00e4ni, Christian G\u00fcnther und Thorsten K\u00fcper<\/strong><\/a><\/h4>\n<\/li>\n<\/ul>\n<p>Es gibt eine ganze Menge Berichte \u00fcber das Event bei mittlerweile einer ganzen Reihe von Anlaufstellen, wie z.B. <a href=\"http:\/\/buktomblog.blogspot.de\/\" target=\"_blank\">BukToms Blog<\/a>, <a href=\"https:\/\/joeysl.wordpress.com\/\" target=\"_blank\">Sabine &#8222;Joey&#8220; Sch\u00e4fers<\/a>, <a href=\"https:\/\/clairedilunachevalier2015.wordpress.com\/\" target=\"_blank\">ClaireDiLuna Chevalier<\/a>, <a href=\"https:\/\/aetherisavidi.wordpress.com\/\" target=\"_blank\">Natascha Randt<\/a>, <a href=\"https:\/\/slplanetarium.wordpress.com\/\" target=\"_blank\">dem SL-Planetarium<\/a> und nat\u00fcrlich beim (Mit)Veranstallter <a href=\"http:\/\/kueperpunk2012.blogspot.de\/2016\/05\/bb-e-book-event-2016-die-finalen.html\" target=\"_blank\">Thorsten K\u00fcper<\/a> selbst. Die Liste ist nat\u00fcrlich ohne Gew\u00e4hr und nicht vollst\u00e4ndig. Ich habe auf die Hauptseiten verlinkt, aber die meisten Seite habe eine Suchfunktion mit der man die Berichte zu den einzelnen Lesungen schnell finden sollte.<\/p>\n<p>&nbsp;<\/p>\n","protected":false},"excerpt":{"rendered":"<p>Vier komplette Wochenenden gab es eine ganze Menge toller Lesungen auf dem BB-E-Book Event 2016. Es war f\u00fcr jeden Geschmack was dabei und eine ganze Menge unterschiedlicher Genre. Bei vielen Tagen waren das dann auch gleich mehrere Autoren, die aus &hellip; <a href=\"https:\/\/www.hydorgol.de\/?page_id=5294\">Weiterlesen <span class=\"meta-nav\">&rarr;<\/span><\/a><\/p>\n","protected":false},"author":1,"featured_media":0,"parent":0,"menu_order":0,"comment_status":"closed","ping_status":"closed","template":"","meta":{"jetpack_post_was_ever_published":false,"footnotes":""},"class_list":["post-5294","page","type-page","status-publish","hentry"],"jetpack_shortlink":"https:\/\/wp.me\/P3Or1N-1no","jetpack-related-posts":[],"jetpack_sharing_enabled":true,"_links":{"self":[{"href":"https:\/\/www.hydorgol.de\/index.php?rest_route=\/wp\/v2\/pages\/5294","targetHints":{"allow":["GET"]}}],"collection":[{"href":"https:\/\/www.hydorgol.de\/index.php?rest_route=\/wp\/v2\/pages"}],"about":[{"href":"https:\/\/www.hydorgol.de\/index.php?rest_route=\/wp\/v2\/types\/page"}],"author":[{"embeddable":true,"href":"https:\/\/www.hydorgol.de\/index.php?rest_route=\/wp\/v2\/users\/1"}],"replies":[{"embeddable":true,"href":"https:\/\/www.hydorgol.de\/index.php?rest_route=%2Fwp%2Fv2%2Fcomments&post=5294"}],"version-history":[{"count":14,"href":"https:\/\/www.hydorgol.de\/index.php?rest_route=\/wp\/v2\/pages\/5294\/revisions"}],"predecessor-version":[{"id":5320,"href":"https:\/\/www.hydorgol.de\/index.php?rest_route=\/wp\/v2\/pages\/5294\/revisions\/5320"}],"wp:attachment":[{"href":"https:\/\/www.hydorgol.de\/index.php?rest_route=%2Fwp%2Fv2%2Fmedia&parent=5294"}],"curies":[{"name":"wp","href":"https:\/\/api.w.org\/{rel}","templated":true}]}}