{"id":3507,"date":"2015-04-11T13:27:59","date_gmt":"2015-04-11T11:27:59","guid":{"rendered":"http:\/\/www.hydorgol.de\/?page_id=3507"},"modified":"2024-03-02T10:38:35","modified_gmt":"2024-03-02T09:38:35","slug":"hydorgol-welt-der-stuerme","status":"publish","type":"page","link":"https:\/\/www.hydorgol.de\/?page_id=3507","title":{"rendered":"Hydorgol &#8211; Die H\u00fcnenwelt &#8211; Exil"},"content":{"rendered":"<table>\n<tbody>\n<tr>\n<td>Buch<br \/>E-Book<\/td>\n<td>9783753481210&nbsp;&nbsp;&nbsp;&nbsp;&nbsp; <a href=\"https:\/\/www.bod.de\/buchshop\/hydorgol-exil-markus-gersting-9783753481210\" target=\"_blank\" rel=\"noopener\">bei BoD<\/a> &nbsp;<a href=\"https:\/\/www.amazon.de\/Hydorgol-Exil-Teil-H%C3%BCnenwelt-Trilogie\/dp\/3753481211\" target=\"_blank\" rel=\"noopener\">bei Amazon<\/a><br \/>9783753489636&nbsp;&nbsp;&nbsp;&nbsp; <a href=\"https:\/\/www.bod.de\/buchshop\/hydorgol-exil-markus-gersting-9783753489636\" target=\"_blank\" rel=\"noopener\">bei BoD<\/a> &nbsp;<a href=\"https:\/\/www.amazon.de\/gp\/product\/B093QG361Q\" target=\"_blank\" rel=\"noopener\">bei Amazon<\/a><\/td>\n<\/tr>\n<\/tbody>\n<\/table>\n\n\n<figure class=\"wp-block-embed is-type-video is-provider-youtube wp-block-embed-youtube wp-embed-aspect-16-9 wp-has-aspect-ratio\"><div class=\"wp-block-embed__wrapper\">\n<span class=\"embed-youtube\" style=\"text-align:center; display: block;\"><iframe loading=\"lazy\" class=\"youtube-player\" width=\"640\" height=\"360\" src=\"https:\/\/www.youtube.com\/embed\/bbNXRA1eug4?version=3&#038;rel=1&#038;showsearch=0&#038;showinfo=1&#038;iv_load_policy=1&#038;fs=1&#038;hl=de-DE&#038;autohide=2&#038;wmode=transparent\" allowfullscreen=\"true\" style=\"border:0;\" sandbox=\"allow-scripts allow-same-origin allow-popups allow-presentation allow-popups-to-escape-sandbox\"><\/iframe><\/span>\n<\/div><\/figure>\n\n\n\n<p>Teil eins der H\u00fcnenwelt Trilogie<\/p>\n\n\n\n<p>Die Welt der H\u00fcnen ist nicht f\u00fcr Menschen gemacht.<\/p>\n\n\n\n<p>Das \u00dcberleben auf dem gewaltigen Gasplaneten ist nur innerhalb des Konglomerates aus den notd\u00fcrftig zusammen gezimmerten \u00dcberresten der gro\u00dfen Schlacht von Epsilon Eridani m\u00f6glich. Der Wille zu \u00dcberleben vereint ehemaligen Gegner und so hat sich in den Jahren des Exils eine ganz eigene Gesellschaft herausgebildet. Ob in den paradiesischen virtuellen Welten des Inneren oder den rostigen Maschinenst\u00e4dten des Perimeters, jeder hat seine Nische gefunden.<\/p>\n\n\n\n<p>Jeder bis auf Alofan Haragieri. Es ist nicht die Art der ehemaligen \u201eBluttrinkenden Gei\u00dfel von Lotus\u201c sich an Gegebenes zu halten. Er will nach Hause zu seiner Frau und zu seinen Kindern.<\/p>\n\n\n\n<p>Der Weg nach Hause liegt nicht in den paradiesischen Welten des Inneren, er muss in die \u00e4u\u00dferen Welten, in den Perimeter und vielleicht noch viel weiter. Hinter den Schutzschild in die Welt der H\u00fcnen. Jene H\u00fcnen, die die Verheerung ihrer Welt durch die \u201eVerursacher\u201c noch nicht vergessen haben.<\/p>\n\n\n\n<p>Nichts, was den Assassinen von Chamina aufhalten w\u00fcrde.<\/p>\n\n\n\n<figure class=\"wp-block-image size-large\"><img loading=\"lazy\" decoding=\"async\" width=\"600\" height=\"439\" src=\"https:\/\/www.hydorgol.de\/wp-content\/uploads\/2021\/04\/10582274_698263_cover_9c4e752c2e-600x439.png\" alt=\"\" class=\"wp-image-8073\" srcset=\"https:\/\/www.hydorgol.de\/wp-content\/uploads\/2021\/04\/10582274_698263_cover_9c4e752c2e-600x439.png 600w, https:\/\/www.hydorgol.de\/wp-content\/uploads\/2021\/04\/10582274_698263_cover_9c4e752c2e-300x220.png 300w, https:\/\/www.hydorgol.de\/wp-content\/uploads\/2021\/04\/10582274_698263_cover_9c4e752c2e-768x563.png 768w, https:\/\/www.hydorgol.de\/wp-content\/uploads\/2021\/04\/10582274_698263_cover_9c4e752c2e.png 1155w\" sizes=\"auto, (max-width: 600px) 100vw, 600px\" \/><\/figure>\n","protected":false},"excerpt":{"rendered":"<p>BuchE-Book 9783753481210&nbsp;&nbsp;&nbsp;&nbsp;&nbsp; bei BoD &nbsp;bei Amazon9783753489636&nbsp;&nbsp;&nbsp;&nbsp; bei BoD &nbsp;bei Amazon Teil eins der H\u00fcnenwelt Trilogie Die Welt der H\u00fcnen ist nicht f\u00fcr Menschen gemacht. Das \u00dcberleben auf dem gewaltigen Gasplaneten ist nur innerhalb des Konglomerates aus den notd\u00fcrftig zusammen gezimmerten &hellip; <a href=\"https:\/\/www.hydorgol.de\/?page_id=3507\">Weiterlesen <span class=\"meta-nav\">&rarr;<\/span><\/a><\/p>\n","protected":false},"author":1,"featured_media":0,"parent":0,"menu_order":0,"comment_status":"open","ping_status":"open","template":"","meta":{"jetpack_post_was_ever_published":false,"footnotes":""},"class_list":["post-3507","page","type-page","status-publish","hentry"],"jetpack_shortlink":"https:\/\/wp.me\/P3Or1N-Uz","jetpack-related-posts":[],"jetpack_sharing_enabled":true,"_links":{"self":[{"href":"https:\/\/www.hydorgol.de\/index.php?rest_route=\/wp\/v2\/pages\/3507","targetHints":{"allow":["GET"]}}],"collection":[{"href":"https:\/\/www.hydorgol.de\/index.php?rest_route=\/wp\/v2\/pages"}],"about":[{"href":"https:\/\/www.hydorgol.de\/index.php?rest_route=\/wp\/v2\/types\/page"}],"author":[{"embeddable":true,"href":"https:\/\/www.hydorgol.de\/index.php?rest_route=\/wp\/v2\/users\/1"}],"replies":[{"embeddable":true,"href":"https:\/\/www.hydorgol.de\/index.php?rest_route=%2Fwp%2Fv2%2Fcomments&post=3507"}],"version-history":[{"count":13,"href":"https:\/\/www.hydorgol.de\/index.php?rest_route=\/wp\/v2\/pages\/3507\/revisions"}],"predecessor-version":[{"id":8573,"href":"https:\/\/www.hydorgol.de\/index.php?rest_route=\/wp\/v2\/pages\/3507\/revisions\/8573"}],"wp:attachment":[{"href":"https:\/\/www.hydorgol.de\/index.php?rest_route=%2Fwp%2Fv2%2Fmedia&parent=3507"}],"curies":[{"name":"wp","href":"https:\/\/api.w.org\/{rel}","templated":true}]}}