{"id":3497,"date":"2015-04-10T20:31:39","date_gmt":"2015-04-10T18:31:39","guid":{"rendered":"http:\/\/www.hydorgol.de\/?page_id=3497"},"modified":"2024-03-06T10:03:09","modified_gmt":"2024-03-06T09:03:09","slug":"hydorgol-inquisition","status":"publish","type":"page","link":"https:\/\/www.hydorgol.de\/?page_id=3497","title":{"rendered":"Hydorgol &#8211; Inquisition"},"content":{"rendered":"\n<p><strong>&#8212; Update: das Buch ist verf\u00fcgbar! &#8212;<\/strong><\/p>\n\n\n\n<div class=\"wp-block-columns is-layout-flex wp-container-core-columns-is-layout-9d6595d7 wp-block-columns-is-layout-flex\">\n<div class=\"wp-block-column is-layout-flow wp-block-column-is-layout-flow\" style=\"flex-basis:100%\">\n<figure class=\"wp-block-table\"><table><tbody><tr><td>Buch<br \/>E-Book<\/td><td>9783758366727<br \/>9783758337857<\/td><td><a href=\"https:\/\/buchshop.bod.de\/hydorgol-inquisition-markus-gersting-9783758366727\" target=\"_blank\" rel=\"noreferrer noopener\">bei BoD<\/a> <a href=\"https:\/\/amzn.eu\/d\/52jn5V0\" target=\"_blank\" rel=\"noreferrer noopener\">bei Amazon<\/a><br \/><a href=\"https:\/\/buchshop.bod.de\/hydorgol-inquisition-markus-gersting-9783758337857\" target=\"_blank\" rel=\"noreferrer noopener\">bei BoD<\/a> <a href=\"https:\/\/amzn.eu\/d\/dVrGROE\" target=\"_blank\" rel=\"noreferrer noopener\">bei Amazon<\/a><\/td><\/tr><\/tbody><\/table><\/figure>\n<\/div>\n<\/div>\n\n\n\n<figure class=\"wp-block-embed is-type-video is-provider-youtube wp-block-embed-youtube wp-embed-aspect-16-9 wp-has-aspect-ratio\"><div class=\"wp-block-embed__wrapper\">\n<span class=\"embed-youtube\" style=\"text-align:center; display: block;\"><iframe loading=\"lazy\" class=\"youtube-player\" width=\"640\" height=\"360\" src=\"https:\/\/www.youtube.com\/embed\/vES972mHBp0?version=3&#038;rel=1&#038;showsearch=0&#038;showinfo=1&#038;iv_load_policy=1&#038;fs=1&#038;hl=de-DE&#038;autohide=2&#038;wmode=transparent\" allowfullscreen=\"true\" style=\"border:0;\" sandbox=\"allow-scripts allow-same-origin allow-popups allow-presentation allow-popups-to-escape-sandbox\"><\/iframe><\/span>\n<\/div><\/figure>\n\n\n\n<p><\/p>\n\n\n\n<p><a href=\"http:\/\/www.amazon.de\/gp\/product\/B00VYM5ULC\" target=\"_blank\" rel=\"noopener\"><strong>Hydorgol &#8211; Inquisition<\/strong><\/a><\/p>\n\n\n\n<p class=\"has-text-align-left\">Die letzte gro\u00dfe und alles entscheidende Schlacht des Krieges zwischen den Aufst\u00e4ndischen und den Truppen der W\u00e4chter wurde vor Jahren geschlagen. Die siegreichen Quin-Ho haben sich der Welt, die nun alleine ihnen geh\u00f6rt, eingelebt.<\/p>\n\n\n\n<p class=\"has-text-align-left\">Aber kein Krieg, keine Schlacht bleibt ohne Verlierer. Besonders hart hat es das Volk der H\u00fcnen getroffen, ihre ganze Welt wurde von den Menschen in Schutt und Asche gelegt. Den H\u00fcnen steht als Mitglied der Kontinuit\u00e4t besonderer Schutz zu und so wird von der Kontinuit\u00e4t die Flotte der Ankl\u00e4ger entsandt.<\/p>\n\n\n\n<p class=\"has-text-align-left\">Die Schiffe sind voller Wesen, die mehr als nur bereit sind, ein schweres Amt auf sich zu nehmen, das Amt des Inquisitors. Der Menschheit stehen schwere Zeiten bevor, denn die Inquisition kann dieses schwerwiegende Sakrileg nicht unges\u00fchnt lassen!<\/p>\n\n\n\n<figure class=\"wp-block-image size-full\"><img loading=\"lazy\" decoding=\"async\" width=\"1174\" height=\"885\" src=\"https:\/\/www.hydorgol.de\/wp-content\/uploads\/2024\/03\/Cover_H2_v007_Final_2.png\" alt=\"\" class=\"wp-image-8571\" srcset=\"https:\/\/www.hydorgol.de\/wp-content\/uploads\/2024\/03\/Cover_H2_v007_Final_2.png 1174w, https:\/\/www.hydorgol.de\/wp-content\/uploads\/2024\/03\/Cover_H2_v007_Final_2-300x226.png 300w, https:\/\/www.hydorgol.de\/wp-content\/uploads\/2024\/03\/Cover_H2_v007_Final_2-600x452.png 600w, https:\/\/www.hydorgol.de\/wp-content\/uploads\/2024\/03\/Cover_H2_v007_Final_2-768x579.png 768w\" sizes=\"auto, (max-width: 1174px) 100vw, 1174px\" \/><\/figure>\n","protected":false},"excerpt":{"rendered":"<p>&#8212; Update: das Buch ist verf\u00fcgbar! &#8212; BuchE-Book 97837583667279783758337857 bei BoD bei Amazonbei BoD bei Amazon Hydorgol &#8211; Inquisition Die letzte gro\u00dfe und alles entscheidende Schlacht des Krieges zwischen den Aufst\u00e4ndischen und den Truppen der W\u00e4chter wurde vor Jahren geschlagen. &hellip; <a href=\"https:\/\/www.hydorgol.de\/?page_id=3497\">Weiterlesen <span class=\"meta-nav\">&rarr;<\/span><\/a><\/p>\n","protected":false},"author":1,"featured_media":0,"parent":0,"menu_order":0,"comment_status":"open","ping_status":"open","template":"","meta":{"jetpack_post_was_ever_published":false,"footnotes":""},"class_list":["post-3497","page","type-page","status-publish","hentry"],"jetpack_shortlink":"https:\/\/wp.me\/P3Or1N-Up","jetpack-related-posts":[],"jetpack_sharing_enabled":true,"_links":{"self":[{"href":"https:\/\/www.hydorgol.de\/index.php?rest_route=\/wp\/v2\/pages\/3497","targetHints":{"allow":["GET"]}}],"collection":[{"href":"https:\/\/www.hydorgol.de\/index.php?rest_route=\/wp\/v2\/pages"}],"about":[{"href":"https:\/\/www.hydorgol.de\/index.php?rest_route=\/wp\/v2\/types\/page"}],"author":[{"embeddable":true,"href":"https:\/\/www.hydorgol.de\/index.php?rest_route=\/wp\/v2\/users\/1"}],"replies":[{"embeddable":true,"href":"https:\/\/www.hydorgol.de\/index.php?rest_route=%2Fwp%2Fv2%2Fcomments&post=3497"}],"version-history":[{"count":18,"href":"https:\/\/www.hydorgol.de\/index.php?rest_route=\/wp\/v2\/pages\/3497\/revisions"}],"predecessor-version":[{"id":8579,"href":"https:\/\/www.hydorgol.de\/index.php?rest_route=\/wp\/v2\/pages\/3497\/revisions\/8579"}],"wp:attachment":[{"href":"https:\/\/www.hydorgol.de\/index.php?rest_route=%2Fwp%2Fv2%2Fmedia&parent=3497"}],"curies":[{"name":"wp","href":"https:\/\/api.w.org\/{rel}","templated":true}]}}