{"id":3044,"date":"2014-11-19T22:48:07","date_gmt":"2014-11-19T21:48:07","guid":{"rendered":"http:\/\/www.hydorgol.de\/?page_id=3044"},"modified":"2015-10-28T21:40:49","modified_gmt":"2015-10-28T20:40:49","slug":"passt-nicht","status":"publish","type":"page","link":"https:\/\/www.hydorgol.de\/?page_id=3044","title":{"rendered":"Backup"},"content":{"rendered":"<p>Das hier ist f\u00fcr Dinge die nicht umbedingt in das Schema dieses Blogs passen, aber doch nicht ganz unwichtig sind.<\/p>\n<p>wie zum Beispiel, das Thema Backup.<\/p>\n<p>Es gibt Dinge die braucht man nie, aber wenn man sie braucht, dann braucht man sie wirklich. Neben dem Zahnschutz beim Rugby, geh\u00f6rt auch das Backup in diese Kategorie.<\/p>\n<p>Hierzu gibt es einen <a href=\"http:\/\/www.dieschreibdilettanten.de\/folge-138-backups\/\" target=\"_blank\">Folge der Schreibdiletanten<\/a>, die man gesehen haben sollte.<\/p>\n<p>F\u00fcr die Bastler und Linux-Enthusiasten unter uns\u00a0 habe ich einen Beitrag, der hoffentlich Gefallen findet. Hier der Vortrag\u00a0 zum Thema Backup den ich am 23.092.2014 bei der <a href=\"http:\/\/www.belug.de\/\" target=\"_blank\">BeLUG<\/a> in Berlin gehalten habe:<\/p>\n<div class='w3eden'><!-- WPDM Link Template: Default Template -->\n\n<div class=\"link-template-default card mb-2\">\n    <div class=\"card-body\">\n        <div class=\"media\">\n            <div class=\"mr-3 img-48\"><img decoding=\"async\" class=\"wpdm_icon\" alt=\"Icon\"   src=\"https:\/\/www.hydorgol.de\/wp-content\/plugins\/download-manager\/assets\/file-type-icons\/pdf.png\" \/><\/div>\n            <div class=\"media-body\">\n                <h3 class=\"package-title\"><a href='https:\/\/www.hydorgol.de\/?wpdmpro=inverses-differenzielles-backup'>Inverses Differenzielles Backup<\/a><\/h3>\n                <div class=\"text-muted text-small\"><i class=\"fas fa-copy\"><\/i> 1 Datei(en) <i class=\"fas fa-hdd ml-3\"><\/i> 133.50 KB<\/div>\n            <\/div>\n            <div class=\"ml-3\">\n                <a class='wpdm-download-link download-on-click btn btn-primary ' rel='nofollow' href='#' data-downloadurl=\"https:\/\/www.hydorgol.de\/?wpdmpro=inverses-differenzielles-backup&wpdmdl=3057&refresh=69eb601f5febb1777033247\">Vortrag Inverses Differenzielles Backup<\/a>\n            <\/div>\n        <\/div>\n    <\/div>\n<\/div>\n\n<\/div>\n<p>Und f\u00fcr die ganz Unterschrockenen die Backup-System-Software in der Linux-Community-Edition. Ausdr\u00fccklich auf eigene Gefahr und ohne Garantie, Gew\u00e4hrleistung oder Support. Bitte unbedingt vorher das Readme und die Lizenz lesen.<\/p>\n<div class='w3eden'><!-- WPDM Link Template: Default Template -->\n\n<div class=\"link-template-default card mb-2\">\n    <div class=\"card-body\">\n        <div class=\"media\">\n            <div class=\"mr-3 img-48\"><img decoding=\"async\" class=\"wpdm_icon\" alt=\"Icon\"   src=\"https:\/\/www.hydorgol.de\/wp-content\/plugins\/download-manager\/assets\/file-type-icons\/download4.png\" \/><\/div>\n            <div class=\"media-body\">\n                <h3 class=\"package-title\"><a href='https:\/\/www.hydorgol.de\/?wpdmpro=backup-system-software'>Backup-System-Software<\/a><\/h3>\n                <div class=\"text-muted text-small\"><i class=\"fas fa-copy\"><\/i> 1 Datei(en) <i class=\"fas fa-hdd ml-3\"><\/i> 155.41 KB<\/div>\n            <\/div>\n            <div class=\"ml-3\">\n                <a class='wpdm-download-link download-on-click btn btn-primary ' rel='nofollow' href='#' data-downloadurl=\"https:\/\/www.hydorgol.de\/?wpdmpro=backup-system-software&wpdmdl=3058&refresh=69eb601fd53551777033247\">Backup-System-Software<\/a>\n            <\/div>\n        <\/div>\n    <\/div>\n<\/div>\n\n<\/div>\n<p>&#8212; Update auf Version 2014 009 &#8212;<\/p>\n<p>Das Installationsskript wurde neu geschrieben und das DB-PWD wird jetzt f\u00fcr die Skripte zentral verwaltet.<\/p>\n<p>Weitere IT und Linux bezogene Updates gibt es nun auf <a href=\"http:\/\/www.gersting.de\" target=\"_blank\">www.gersting.de<\/a><\/p>\n<p>&nbsp;<\/p>\n","protected":false},"excerpt":{"rendered":"<p>Das hier ist f\u00fcr Dinge die nicht umbedingt in das Schema dieses Blogs passen, aber doch nicht ganz unwichtig sind. wie zum Beispiel, das Thema Backup. Es gibt Dinge die braucht man nie, aber wenn man sie braucht, dann braucht &hellip; <a href=\"https:\/\/www.hydorgol.de\/?page_id=3044\">Weiterlesen <span class=\"meta-nav\">&rarr;<\/span><\/a><\/p>\n","protected":false},"author":1,"featured_media":0,"parent":0,"menu_order":0,"comment_status":"open","ping_status":"open","template":"","meta":{"jetpack_post_was_ever_published":false,"footnotes":""},"class_list":["post-3044","page","type-page","status-publish","hentry"],"jetpack_shortlink":"https:\/\/wp.me\/P3Or1N-N6","jetpack-related-posts":[],"jetpack_sharing_enabled":true,"_links":{"self":[{"href":"https:\/\/www.hydorgol.de\/index.php?rest_route=\/wp\/v2\/pages\/3044","targetHints":{"allow":["GET"]}}],"collection":[{"href":"https:\/\/www.hydorgol.de\/index.php?rest_route=\/wp\/v2\/pages"}],"about":[{"href":"https:\/\/www.hydorgol.de\/index.php?rest_route=\/wp\/v2\/types\/page"}],"author":[{"embeddable":true,"href":"https:\/\/www.hydorgol.de\/index.php?rest_route=\/wp\/v2\/users\/1"}],"replies":[{"embeddable":true,"href":"https:\/\/www.hydorgol.de\/index.php?rest_route=%2Fwp%2Fv2%2Fcomments&post=3044"}],"version-history":[{"count":15,"href":"https:\/\/www.hydorgol.de\/index.php?rest_route=\/wp\/v2\/pages\/3044\/revisions"}],"predecessor-version":[{"id":4434,"href":"https:\/\/www.hydorgol.de\/index.php?rest_route=\/wp\/v2\/pages\/3044\/revisions\/4434"}],"wp:attachment":[{"href":"https:\/\/www.hydorgol.de\/index.php?rest_route=%2Fwp%2Fv2%2Fmedia&parent=3044"}],"curies":[{"name":"wp","href":"https:\/\/api.w.org\/{rel}","templated":true}]}}