{"id":3017,"date":"2014-11-17T18:49:03","date_gmt":"2014-11-17T17:49:03","guid":{"rendered":"http:\/\/www.hydorgol.de\/?page_id=3017"},"modified":"2023-06-03T20:57:02","modified_gmt":"2023-06-03T18:57:02","slug":"kurzgeschichte-musik","status":"publish","type":"page","link":"https:\/\/www.hydorgol.de\/?page_id=3017","title":{"rendered":"Kurzgeschichte: Musik"},"content":{"rendered":"<p><strong>Hydorgol, Musik &#8211; H\u00f6rbare und nicht h\u00f6rbare Musik<\/strong><\/p>\n<p><span style=\"font-family: arial,sans-serif;\">Diese Kurzgeschichte spielt thematisch und zeitlich zwischen erstem und dem &#8211; noch nicht fertig gestellten &#8211; zweiten Buch aus dem Hydorgol-Universum (<a href=\"http:\/\/www.hydorgol.de\/\" target=\"_blank\" rel=\"noopener\">www.hydorgol.de<\/a>). <\/span><\/p>\n<p><span style=\"font-family: arial,sans-serif;\">Eine Gruppe von Schiffen der Menschen ist auf einem, f\u00fcr sie lebensfeindlichen Gasplaneten gestrandet und sie geraten mit den einheimischen Ureinwohnern &#8211; den H\u00fcnen, riesigen Plattw\u00fcrmern &#8211; aneinander. <\/span><\/p>\n<div class='w3eden'><!-- WPDM Link Template: Default Template -->\n\n<div class=\"link-template-default card mb-2\">\n    <div class=\"card-body\">\n        <div class=\"media\">\n            <div class=\"mr-3 img-48\"><img decoding=\"async\" class=\"wpdm_icon\" alt=\"Icon\"   src=\"https:\/\/www.hydorgol.de\/wp-content\/plugins\/download-manager\/assets\/file-type-icons\/pdf.png\" \/><\/div>\n            <div class=\"media-body\">\n                <h3 class=\"package-title\"><a href='https:\/\/www.hydorgol.de\/?wpdmpro=hydorgol-musik-pdf'>Hydorgol - Musik (pdf)<\/a><\/h3>\n                <div class=\"text-muted text-small\"><i class=\"fas fa-copy\"><\/i> 1 Datei(en) <i class=\"fas fa-hdd ml-3\"><\/i> 51.93 KB<\/div>\n            <\/div>\n            <div class=\"ml-3\">\n                <a class='wpdm-download-link download-on-click btn btn-primary ' rel='nofollow' href='#' data-downloadurl=\"https:\/\/www.hydorgol.de\/?wpdmpro=hydorgol-musik-pdf&wpdmdl=3053&refresh=69f16866824ba1777428582\">Hydorgol - Musik (pdf)<\/a>\n            <\/div>\n        <\/div>\n    <\/div>\n<\/div>\n\n<\/div>\n<div class='w3eden'><!-- WPDM Link Template: Default Template -->\n\n<div class=\"link-template-default card mb-2\">\n    <div class=\"card-body\">\n        <div class=\"media\">\n            <div class=\"mr-3 img-48\"><img decoding=\"async\" class=\"wpdm_icon\" alt=\"Icon\"   src=\"https:\/\/www.hydorgol.de\/wp-content\/plugins\/download-manager\/assets\/file-type-icons\/download_blue.png\" \/><\/div>\n            <div class=\"media-body\">\n                <h3 class=\"package-title\"><a href='https:\/\/www.hydorgol.de\/?wpdmpro=hydorgol-musik-epub'>Hydorgol - Musik (epub)<\/a><\/h3>\n                <div class=\"text-muted text-small\"><i class=\"fas fa-copy\"><\/i> 1 Datei(en) <i class=\"fas fa-hdd ml-3\"><\/i> 99.83 KB<\/div>\n            <\/div>\n            <div class=\"ml-3\">\n                <a class='wpdm-download-link download-on-click btn btn-primary ' rel='nofollow' href='#' data-downloadurl=\"https:\/\/www.hydorgol.de\/?wpdmpro=hydorgol-musik-epub&wpdmdl=3051&refresh=69f168670456b1777428583\">Hydorgol - Musik (epub)<\/a>\n            <\/div>\n        <\/div>\n    <\/div>\n<\/div>\n\n<\/div>\n<div class='w3eden'><!-- WPDM Link Template: Default Template -->\n\n<div class=\"link-template-default card mb-2\">\n    <div class=\"card-body\">\n        <div class=\"media\">\n            <div class=\"mr-3 img-48\"><img decoding=\"async\" class=\"wpdm_icon\" alt=\"Icon\"   src=\"https:\/\/www.hydorgol.de\/wp-content\/plugins\/download-manager\/assets\/file-type-icons\/download_blue.png\" \/><\/div>\n            <div class=\"media-body\">\n                <h3 class=\"package-title\"><a href='https:\/\/www.hydorgol.de\/?wpdmpro=hydorgol-musik-mobi'>Hydorgol - Musik (mobi)<\/a><\/h3>\n                <div class=\"text-muted text-small\"><i class=\"fas fa-copy\"><\/i> 1 Datei(en) <i class=\"fas fa-hdd ml-3\"><\/i> 15.11 KB<\/div>\n            <\/div>\n            <div class=\"ml-3\">\n                <a class='wpdm-download-link download-on-click btn btn-primary ' rel='nofollow' href='#' data-downloadurl=\"https:\/\/www.hydorgol.de\/?wpdmpro=hydorgol-musik-mobi&wpdmdl=3052&refresh=69f1686708a791777428583\">Hydorgol - Musik (mobi)<\/a>\n            <\/div>\n        <\/div>\n    <\/div>\n<\/div>\n\n<\/div>\n<p><a title=\"Kurzgeschichten und Leseproben\" href=\"http:\/\/www.hydorgol.de\/?page_id=237\">Zur\u00fcck zur \u00dcbersicht<\/a><\/p>\n","protected":false},"excerpt":{"rendered":"<p>Hydorgol, Musik &#8211; H\u00f6rbare und nicht h\u00f6rbare Musik Diese Kurzgeschichte spielt thematisch und zeitlich zwischen erstem und dem &#8211; noch nicht fertig gestellten &#8211; zweiten Buch aus dem Hydorgol-Universum (www.hydorgol.de). Eine Gruppe von Schiffen der Menschen ist auf einem, f\u00fcr &hellip; <a href=\"https:\/\/www.hydorgol.de\/?page_id=3017\">Weiterlesen <span class=\"meta-nav\">&rarr;<\/span><\/a><\/p>\n","protected":false},"author":1,"featured_media":0,"parent":0,"menu_order":0,"comment_status":"open","ping_status":"open","template":"","meta":{"jetpack_post_was_ever_published":false,"footnotes":""},"class_list":["post-3017","page","type-page","status-publish","hentry"],"jetpack_shortlink":"https:\/\/wp.me\/P3Or1N-MF","jetpack-related-posts":[],"jetpack_sharing_enabled":true,"_links":{"self":[{"href":"https:\/\/www.hydorgol.de\/index.php?rest_route=\/wp\/v2\/pages\/3017","targetHints":{"allow":["GET"]}}],"collection":[{"href":"https:\/\/www.hydorgol.de\/index.php?rest_route=\/wp\/v2\/pages"}],"about":[{"href":"https:\/\/www.hydorgol.de\/index.php?rest_route=\/wp\/v2\/types\/page"}],"author":[{"embeddable":true,"href":"https:\/\/www.hydorgol.de\/index.php?rest_route=\/wp\/v2\/users\/1"}],"replies":[{"embeddable":true,"href":"https:\/\/www.hydorgol.de\/index.php?rest_route=%2Fwp%2Fv2%2Fcomments&post=3017"}],"version-history":[{"count":3,"href":"https:\/\/www.hydorgol.de\/index.php?rest_route=\/wp\/v2\/pages\/3017\/revisions"}],"predecessor-version":[{"id":8458,"href":"https:\/\/www.hydorgol.de\/index.php?rest_route=\/wp\/v2\/pages\/3017\/revisions\/8458"}],"wp:attachment":[{"href":"https:\/\/www.hydorgol.de\/index.php?rest_route=%2Fwp%2Fv2%2Fmedia&parent=3017"}],"curies":[{"name":"wp","href":"https:\/\/api.w.org\/{rel}","templated":true}]}}