{"id":237,"date":"2013-07-30T19:44:31","date_gmt":"2013-07-30T17:44:31","guid":{"rendered":"http:\/\/www.hydorgol.de\/?page_id=237"},"modified":"2014-11-17T19:28:25","modified_gmt":"2014-11-17T18:28:25","slug":"kurzgeschichten-und-leseproben","status":"publish","type":"page","link":"https:\/\/www.hydorgol.de\/?page_id=237","title":{"rendered":"Kurzgeschichten und Leseproben"},"content":{"rendered":"<p>Hier sind Leseproben und Kurzgeschichten zum Herunterladen zu finden:<\/p>\n<p><a title=\"Kurzgeschichte: Musik\" href=\"http:\/\/www.hydorgol.de\/?page_id=3017\"><strong>Hydorgol, Musik &#8211; H\u00f6rbare und nicht h\u00f6rbare Musik<\/strong><\/a><\/p>\n<p><a title=\"Kurzgeschichte: Mossak\" href=\"http:\/\/www.hydorgol.de\/?page_id=3024\"><strong>Mossak &#8211; Eine Schreibprobe f\u00fcr die BA Wolfenb\u00fcttel<\/strong><\/a><\/p>\n<p>Der Autor freut sich \u00fcber Feedback, egal ob begeistert oder kritisch! Die Kommentare unten werden nicht sofort angezeigt. Auf Wunsch bleiben sie unsichtbar, einfach eine kurze Anmerkung dazu mit in den Kommentar schreiben.<\/p>\n","protected":false},"excerpt":{"rendered":"<p>Hier sind Leseproben und Kurzgeschichten zum Herunterladen zu finden: Hydorgol, Musik &#8211; H\u00f6rbare und nicht h\u00f6rbare Musik Mossak &#8211; Eine Schreibprobe f\u00fcr die BA Wolfenb\u00fcttel Der Autor freut sich \u00fcber Feedback, egal ob begeistert oder kritisch! Die Kommentare unten werden &hellip; <a href=\"https:\/\/www.hydorgol.de\/?page_id=237\">Weiterlesen <span class=\"meta-nav\">&rarr;<\/span><\/a><\/p>\n","protected":false},"author":1,"featured_media":0,"parent":0,"menu_order":0,"comment_status":"open","ping_status":"open","template":"","meta":{"jetpack_post_was_ever_published":false,"footnotes":""},"class_list":["post-237","page","type-page","status-publish","hentry"],"jetpack_shortlink":"https:\/\/wp.me\/P3Or1N-3P","jetpack-related-posts":[],"jetpack_sharing_enabled":true,"_links":{"self":[{"href":"https:\/\/www.hydorgol.de\/index.php?rest_route=\/wp\/v2\/pages\/237","targetHints":{"allow":["GET"]}}],"collection":[{"href":"https:\/\/www.hydorgol.de\/index.php?rest_route=\/wp\/v2\/pages"}],"about":[{"href":"https:\/\/www.hydorgol.de\/index.php?rest_route=\/wp\/v2\/types\/page"}],"author":[{"embeddable":true,"href":"https:\/\/www.hydorgol.de\/index.php?rest_route=\/wp\/v2\/users\/1"}],"replies":[{"embeddable":true,"href":"https:\/\/www.hydorgol.de\/index.php?rest_route=%2Fwp%2Fv2%2Fcomments&post=237"}],"version-history":[{"count":15,"href":"https:\/\/www.hydorgol.de\/index.php?rest_route=\/wp\/v2\/pages\/237\/revisions"}],"predecessor-version":[{"id":3028,"href":"https:\/\/www.hydorgol.de\/index.php?rest_route=\/wp\/v2\/pages\/237\/revisions\/3028"}],"wp:attachment":[{"href":"https:\/\/www.hydorgol.de\/index.php?rest_route=%2Fwp%2Fv2%2Fmedia&parent=237"}],"curies":[{"name":"wp","href":"https:\/\/api.w.org\/{rel}","templated":true}]}}